{"id":24,"date":"2026-03-09T11:52:53","date_gmt":"2026-03-09T11:52:53","guid":{"rendered":"https:\/\/nuprezi.fun\/?page_id=24"},"modified":"2026-03-09T11:52:56","modified_gmt":"2026-03-09T11:52:56","slug":"consulta","status":"publish","type":"page","link":"https:\/\/nuprezi.fun\/?page_id=24","title":{"rendered":"Consulta"},"content":{"rendered":"\n<p>Estamos dispon\u00edveis para transformar a sua ideia de renova\u00e7\u00e3o numa realidade t\u00e9cnica s\u00f3lida atrav\u00e9s de uma equipa pequena mas muito experiente. Pode solicitar uma visita t\u00e9cnica para que possamos analisar o seu im\u00f3vel no local e apresentar uma proposta de trabalho detalhada e transparente.<\/p>\n\n\n\n<p><strong>Hor\u00e1rio de atendimento<\/strong><br>Segunda a Sexta das 08:30 \u00e0s 18:30<br>S\u00e1bados das 09:00 \u00e0s 13:00<\/p>\n\n\n\n<p><strong>Contactos para or\u00e7amentos<\/strong><br>Morada: <strong>Rua de Oliveira Monteiro 156 Bloco B Loja 25AN, 4250-358 Porto<\/strong><br>Telefone: <strong>+(351)\/912\/821\/831<\/strong><br>E-mail: <strong>help@nuprezi.fun<\/strong><\/p>\n","protected":false},"excerpt":{"rendered":"<p>Estamos dispon\u00edveis para transformar a sua ideia de renova\u00e7\u00e3o numa realidade t\u00e9cnica s\u00f3lida atrav\u00e9s de uma equipa pequena mas muito experiente. Pode solicitar uma visita t\u00e9cnica para que possamos analisar o seu im\u00f3vel no local e apresentar uma proposta de trabalho detalhada e transparente. Hor\u00e1rio de atendimentoSegunda a Sexta das 08:30 \u00e0s 18:30S\u00e1bados das 09:00 [&hellip;]<\/p>\n","protected":false},"author":1,"featured_media":0,"parent":0,"menu_order":6,"comment_status":"closed","ping_status":"closed","template":"","meta":{"footnotes":""},"class_list":["post-24","page","type-page","status-publish","hentry"],"_links":{"self":[{"href":"https:\/\/nuprezi.fun\/index.php?rest_route=\/wp\/v2\/pages\/24","targetHints":{"allow":["GET"]}}],"collection":[{"href":"https:\/\/nuprezi.fun\/index.php?rest_route=\/wp\/v2\/pages"}],"about":[{"href":"https:\/\/nuprezi.fun\/index.php?rest_route=\/wp\/v2\/types\/page"}],"author":[{"embeddable":true,"href":"https:\/\/nuprezi.fun\/index.php?rest_route=\/wp\/v2\/users\/1"}],"replies":[{"embeddable":true,"href":"https:\/\/nuprezi.fun\/index.php?rest_route=%2Fwp%2Fv2%2Fcomments&post=24"}],"version-history":[{"count":1,"href":"https:\/\/nuprezi.fun\/index.php?rest_route=\/wp\/v2\/pages\/24\/revisions"}],"predecessor-version":[{"id":25,"href":"https:\/\/nuprezi.fun\/index.php?rest_route=\/wp\/v2\/pages\/24\/revisions\/25"}],"wp:attachment":[{"href":"https:\/\/nuprezi.fun\/index.php?rest_route=%2Fwp%2Fv2%2Fmedia&parent=24"}],"curies":[{"name":"wp","href":"https:\/\/api.w.org\/{rel}","templated":true}]}}